{"id":33,"date":"2018-06-25T12:27:53","date_gmt":"2018-06-25T12:27:53","guid":{"rendered":"https:\/\/codesupply.co\/?page_id=33"},"modified":"2022-09-26T15:17:06","modified_gmt":"2022-09-26T15:17:06","slug":"contact-form","status":"publish","type":"page","link":"https:\/\/nationales-hundehalterbrevet.ch\/?page_id=33","title":{"rendered":"Kontakt"},"content":{"rendered":"\n<div class=\"cnvs-block-row cnvs-block-row-1574515939981 cnvs-block-row-columns-2\" >\n\t<div class=\"cnvs-block-row-inner\">\n\t\t\n\n<div class=\"cnvs-block-column cnvs-block-column-1574515940052\" >\n\t<div class=\"cnvs-block-column-inner\">\n\t\t<div>\n\t\t\t\t\t<\/div>\n\t<\/div>\n<\/div>\n\n\n\n<div class=\"cnvs-block-column cnvs-block-column-1574515940068\" >\n\t<div class=\"cnvs-block-column-inner\">\n\t\t<div>\n\t\t\t\n\n<p>Melde dich bei Fragen zu dieser Webseite oder ihren Inhalten bei uns.<\/p>\n\n\n\n<p>Wichtige Hinweise: <\/p>\n\n\n\n<ul class=\"wp-block-list\"><li><em><a href=\"https:\/\/nationales-hundehalterbrevet.ch\/?p=280\">Wir betreiben diese Webseite als privates Projekt<\/a><\/em>. Wir sind weder die Initiatoren, noch Verantwortlichen f\u00fcr das Nationale Hundehalter-Brevet. Diese Webseite dient lediglich der Informationsweitergabe an Hundehalter.<\/li><li>Bei administrativen oder organisatorischen Fragen zum NHB wende dich bitte an den <em><a href=\"https:\/\/nationales-hundehalterbrevet.ch\/?p=281\">Verband Kynologie Ausbildungen Schweiz (VKAS)<\/a><\/em> oder eine ihm angeschlossene kynologische Ausbildungsorganisation unter <a href=\"https:\/\/vkas.ch\/\"><em>www.vkas.ch<\/em><\/a>.<\/li><li>Falls du dich fragst, <a href=\"https:\/\/nationales-hundehalterbrevet.ch\/?p=277\"><em>wo oder bei wem du einen NHB-Kurs besuchen<\/em><\/a> bzw. <a href=\"https:\/\/nationales-hundehalterbrevet.ch\/?p=285\"><em>wo du eine NHB-Pr\u00fcfung ablegen<\/em><\/a> kannst, schau bitte auf die Homepage des NHB unter <a href=\"https:\/\/www.nhb-bpc.dog\/\"><em>www.nhb-bpc.dog<\/em><\/a> nach.<\/li><li>Richte Fragen zu kantonalen Hundegesetzgebungen und <a href=\"https:\/\/nationales-hundehalterbrevet.ch\/?p=263\"><em>Rasselisten<\/em><\/a> bitte an das entsprechende kantonale Veterin\u00e4ramt. Wir d\u00fcrfen und k\u00f6nnen dir dazu keine verbindliche Auskunft geben und erst keine juristische Beratung anbieten.<\/li><li>Wir k\u00f6nnen keine individuellen Fragen zu Hundeverhalten bzw. -verhaltenstherapie online, per Email oder am Telefon beantworten &#8211; das w\u00e4re unseri\u00f6s. Wende dich daf\u00fcr bitte an einen <a href=\"https:\/\/nationales-hundehalterbrevet.ch\/?p=274\"><em>erfahrenen und geeigneten Hundetrainer<\/em><\/a>.<\/li><\/ul>\n\n\t\t<\/div>\n\t<\/div>\n<\/div>\n\n\t<\/div>\n<\/div>\n\n\n\n<hr class=\"wp-block-separator has-css-opacity is-style-wide is-cnvs-separator-id-1577267376209\"\/>\n\n\n\n<div class=\"cnvs-block-row cnvs-block-row-1574515998844 cnvs-block-row-columns-2\" >\n\t<div class=\"cnvs-block-row-inner\">\n\t\t\n\n<div class=\"cnvs-block-column cnvs-block-column-1574515998911\" >\n\t<div class=\"cnvs-block-column-inner\">\n\t\t<div>\n\t\t\t\n\n<h3 id=\"kontaktiere-uns\" class=\"wp-block-heading\">Kontaktiere uns<\/h3>\n\n\t\t<\/div>\n\t<\/div>\n<\/div>\n\n\n\n<div class=\"cnvs-block-column cnvs-block-column-1574515998928\" >\n\t<div class=\"cnvs-block-column-inner\">\n\t\t<div>\n\t\t\t\n\n<div class=\"wpcf7 no-js\" id=\"wpcf7-f5-o1\" lang=\"en-US\" dir=\"ltr\" data-wpcf7-id=\"5\">\n<div class=\"screen-reader-response\"><p role=\"status\" aria-live=\"polite\" aria-atomic=\"true\"><\/p> <ul><\/ul><\/div>\n<form action=\"\/index.php?rest_route=%2Fwp%2Fv2%2Fpages%2F33#wpcf7-f5-o1\" method=\"post\" class=\"wpcf7-form init\" aria-label=\"Contact form\" novalidate=\"novalidate\" data-status=\"init\">\n<fieldset class=\"hidden-fields-container\"><input type=\"hidden\" name=\"_wpcf7\" value=\"5\" \/><input type=\"hidden\" name=\"_wpcf7_version\" value=\"6.1.5\" \/><input type=\"hidden\" name=\"_wpcf7_locale\" value=\"en_US\" \/><input type=\"hidden\" name=\"_wpcf7_unit_tag\" value=\"wpcf7-f5-o1\" \/><input type=\"hidden\" name=\"_wpcf7_container_post\" value=\"0\" \/><input type=\"hidden\" name=\"_wpcf7_posted_data_hash\" value=\"\" \/>\n<\/fieldset>\n<div class=\"cs-row\">\n\t<div class=\"cs-col-md-6\">\n\t\t<p><label> Dein Vor- und Nachname<br \/>\n<span class=\"wpcf7-form-control-wrap\" data-name=\"your-name\"><input size=\"40\" maxlength=\"400\" class=\"wpcf7-form-control wpcf7-text wpcf7-validates-as-required\" aria-required=\"true\" aria-invalid=\"false\" value=\"\" type=\"text\" name=\"your-name\" \/><\/span> <\/label>\n\t\t<\/p>\n\t<\/div>\n\t<div class=\"cs-col-md-6\">\n\t\t<p><label> Deine Emailadresse<br \/>\n<span class=\"wpcf7-form-control-wrap\" data-name=\"your-email\"><input size=\"40\" maxlength=\"400\" class=\"wpcf7-form-control wpcf7-email wpcf7-validates-as-required wpcf7-text wpcf7-validates-as-email\" aria-required=\"true\" aria-invalid=\"false\" value=\"\" type=\"email\" name=\"your-email\" \/><\/span> <\/label>\n\t\t<\/p>\n\t<\/div>\n<\/div>\n<p><label for=\"cs-message\">Deine Nachricht an uns<\/label><br \/>\n<span class=\"wpcf7-form-control-wrap\" data-name=\"your-message\"><textarea cols=\"40\" rows=\"5\" maxlength=\"2000\" class=\"wpcf7-form-control wpcf7-textarea wpcf7-validates-as-required\" id=\"cs-message\" aria-required=\"true\" aria-invalid=\"false\" name=\"your-message\"><\/textarea><\/span><br \/>\n<span class=\"wpcf7-form-control-wrap\" data-name=\"checkbox-767\"><span class=\"wpcf7-form-control wpcf7-checkbox wpcf7-validates-as-required\"><span class=\"wpcf7-list-item first last\"><input type=\"checkbox\" name=\"checkbox-767[]\" value=\"Ich stimme den und der Datenschutzerkl\u00e4rung dieser Webseite zu.\" \/><span class=\"wpcf7-list-item-label\">Ich stimme den und der Datenschutzerkl\u00e4rung dieser Webseite zu.<\/span><\/span><\/span><\/span><br \/>\n<input class=\"wpcf7-form-control wpcf7-submit has-spinner\" type=\"submit\" value=\"Senden\" \/>\n<\/p><div class=\"wpcf7-response-output\" aria-hidden=\"true\"><\/div>\n<\/form>\n<\/div>\n\n\n\t\t<\/div>\n\t<\/div>\n<\/div>\n\n\t<\/div>\n<\/div>\n","protected":false},"excerpt":{"rendered":"","protected":false},"author":1,"featured_media":0,"parent":0,"menu_order":0,"comment_status":"closed","ping_status":"closed","template":"","meta":{"csco_singular_sidebar":"right","csco_page_header_type":"default","csco_page_load_nextpost":"default","csco_post_video_location":[],"csco_post_video_url":"","csco_post_video_bg_start_time":0,"csco_post_video_bg_end_time":0,"footnotes":""},"class_list":{"0":"post-33","1":"page","2":"type-page","3":"status-publish","5":"cs-entry","6":"cs-video-wrap"},"_links":{"self":[{"href":"https:\/\/nationales-hundehalterbrevet.ch\/index.php?rest_route=\/wp\/v2\/pages\/33","targetHints":{"allow":["GET"]}}],"collection":[{"href":"https:\/\/nationales-hundehalterbrevet.ch\/index.php?rest_route=\/wp\/v2\/pages"}],"about":[{"href":"https:\/\/nationales-hundehalterbrevet.ch\/index.php?rest_route=\/wp\/v2\/types\/page"}],"author":[{"embeddable":true,"href":"https:\/\/nationales-hundehalterbrevet.ch\/index.php?rest_route=\/wp\/v2\/users\/1"}],"replies":[{"embeddable":true,"href":"https:\/\/nationales-hundehalterbrevet.ch\/index.php?rest_route=%2Fwp%2Fv2%2Fcomments&post=33"}],"version-history":[{"count":5,"href":"https:\/\/nationales-hundehalterbrevet.ch\/index.php?rest_route=\/wp\/v2\/pages\/33\/revisions"}],"predecessor-version":[{"id":4518,"href":"https:\/\/nationales-hundehalterbrevet.ch\/index.php?rest_route=\/wp\/v2\/pages\/33\/revisions\/4518"}],"wp:attachment":[{"href":"https:\/\/nationales-hundehalterbrevet.ch\/index.php?rest_route=%2Fwp%2Fv2%2Fmedia&parent=33"}],"curies":[{"name":"wp","href":"https:\/\/api.w.org\/{rel}","templated":true}]}}