{"id":701,"date":"2018-07-10T09:56:18","date_gmt":"2018-07-10T09:56:18","guid":{"rendered":"https:\/\/blueprinttheme.com\/blueprint\/?page_id=701"},"modified":"2022-09-26T16:01:24","modified_gmt":"2022-09-26T16:01:24","slug":"meet-the-team","status":"publish","type":"page","link":"https:\/\/nationales-hundehalterbrevet.ch\/?page_id=701","title":{"rendered":"\u00dcber uns"},"content":{"rendered":"\n<p class=\"is-cnvs-dropcap-bordered\">Wir sind Andreas und Corinne. Mit &#8222;Schwarzinger &amp; Gysin Dog Projects&#8220; erwecken wir unsere kynologischen Projekt-Ideen zum Leben, mit denen wir die Hundewelt (in der Schweiz) zu einem besseren Ort f\u00fcr uns alle machen wollen.<\/p>\n\n\n\n<figure class=\"wp-block-image size-large\"><img loading=\"lazy\" decoding=\"async\" width=\"1024\" height=\"575\" src=\"https:\/\/nationales-hundehalterbrevet.ch\/wp-content\/uploads\/2022\/09\/Wir-1024x575.jpg\" alt=\"\" class=\"wp-image-4343\" srcset=\"https:\/\/nationales-hundehalterbrevet.ch\/wp-content\/uploads\/2022\/09\/Wir-1024x575.jpg 1024w, https:\/\/nationales-hundehalterbrevet.ch\/wp-content\/uploads\/2022\/09\/Wir-300x168.jpg 300w, https:\/\/nationales-hundehalterbrevet.ch\/wp-content\/uploads\/2022\/09\/Wir-768x431.jpg 768w, https:\/\/nationales-hundehalterbrevet.ch\/wp-content\/uploads\/2022\/09\/Wir-1536x863.jpg 1536w, https:\/\/nationales-hundehalterbrevet.ch\/wp-content\/uploads\/2022\/09\/Wir-380x213.jpg 380w, https:\/\/nationales-hundehalterbrevet.ch\/wp-content\/uploads\/2022\/09\/Wir-800x449.jpg 800w, https:\/\/nationales-hundehalterbrevet.ch\/wp-content\/uploads\/2022\/09\/Wir-1160x651.jpg 1160w, https:\/\/nationales-hundehalterbrevet.ch\/wp-content\/uploads\/2022\/09\/Wir.jpg 2048w\" sizes=\"auto, (max-width: 1024px) 100vw, 1024px\" \/><\/figure>\n\n\n\n<p><strong>Corinne Gysin<\/strong> hat ihr ganzes Leben voll und ganz auf die Hundewelt ausgerichtet. Nach grossen Erfolgen als Jugendliche im Hundesport mit deutschen und belgischen Sch\u00e4ferhunden ist sie heute erfahrene und ausgebildete Hundetrainerin und betreibt mit <a href=\"http:\/\/www.dogsport-flyingufo.ch\/index.html\">Dogsport Flying Ufo<\/a> ihre eigene Hundeschule und Hundebetreuung. Sie ist beispielsweise vom Veterin\u00e4ramt des Kantons Baselland dazu berechtigt, Listenhunde auszubilden. Ihren Kundenstamm von ~500 Personen unterst\u00fctzt sie im Grossraum Basel bei Fragen und Problemen in der Hundeerziehung, bietet in Allschwil regelm\u00e4ssige Hundekurse \/ Erziehungskurse an und ist selbst in der Hundesportkategorie &#8222;Agility&#8220; sehr erfolgreich mit ihren Shelties t\u00e4tig \u2013 bis hin zu Teilnahmen an Europa- und Weltmeisterschaften. Zudem ist sie Hundesitterin und betreut f\u00fcr ihre berufst\u00e4tige Kunden tagesweise auch deren Hunde. Im Jahr 2021 schloss Corinne Ihre Aus- bzw. Weiterbildung zur NHB-Fachperson ab, f\u00fchrt seither regelm\u00e4ssig NHB-Hundekurse durch und organisiert NHB-Pr\u00fcfungen.<\/p>\n\n\n\n<figure class=\"wp-block-embed is-type-video is-provider-youtube wp-block-embed-youtube wp-embed-aspect-16-9 wp-has-aspect-ratio\"><div class=\"wp-block-embed__wrapper\">\n<iframe loading=\"lazy\" title=\"Dogsport flying Ufo\" width=\"1200\" height=\"675\" src=\"https:\/\/www.youtube.com\/embed\/ucLwbYdsxAQ?feature=oembed\" frameborder=\"0\" allow=\"accelerometer; autoplay; clipboard-write; encrypted-media; gyroscope; picture-in-picture\" allowfullscreen><\/iframe>\n<\/div><\/figure>\n\n\n\n<p><strong>Andreas Schwarzinger<\/strong> hat an der Universit\u00e4t Z\u00fcrich studiert und als &#8222;Master of Arts in Wirtschaftswissenschaften&#8220; abgeschlossen. Nach Praktika bei der BMW Group in M\u00fcnchen und der Schweiz, bei der Boston Consulting Group und A.T. Kearney hat er zusammen mit seinem Studienkollegen das <a href=\"https:\/\/www.uniboard.ch\/\">uniboard.ch<\/a> gegr\u00fcndet \u2013 eine Onlineplattform f\u00fcr Studierende von Schweizer Hochschulen. Heute ist das uniboard.ch die gr\u00f6sste Studierendenplattform der Schweiz, die letztes Jahr auch noch die Plattform <a href=\"http:\/\/students.ch\">students.ch<\/a> vom Ringier-Konzern \u00fcbernommen hat. Beide Plattformen weisen zusammen \u00fcber 300&#8217;000 registrierte Nutzer auf und helfen Studierenden bei Fragen und Problemen im Studium. Zu den Kunden der uniboard AG im Bereich des Hochschul- und Arbeitgebermarketings z\u00e4hlen unter anderem die Schweizerische Bundesverwaltung, Credit Suisse, Helsana, Lidl, Migros, Ex Libris, wefox, Bain &amp; Company, Accenture, Swisscom, Z\u00fcrich Versicherungen, KPMW, PwC, Ernst &amp; Young, Deloitte und viele weitere grosse und kleine Unternehmen. Von 2017 bis 2022 leitete Andreas im Namen des <a href=\"https:\/\/www.schaeferhund.ch\/\">Schweizerischen Sch\u00e4ferhund-Clubs<\/a> die <a href=\"https:\/\/www.sc-akademie.ch\/\">SC-Akademie<\/a>, eine Ausbildungsorganisation f\u00fcr Hundetrainer, Welpenpr\u00e4gungsleiter, Tierheimbetreuer und gewerbliche Z\u00fcchter. In dieser Zeit war er massgeblich an der Einf\u00fchrung des Nationalen Hundehalter-Brevets (NHB) beteiligt, insbesondere an der Aus- und Weiterbildung von \u00fcber 300 NHB-Fachpersonen. Seit 2022 ist er zudem f\u00fcr die Weltmarke SONAX als &#8222;<a href=\"https:\/\/youtu.be\/GYF5RihbvBk\">SONAX Mastertrainer&#8220; f\u00fcr die Schweiz<\/a> unterwegs und bildet (zuk\u00fcnftige) Auto-Aufbereiter und Aufbereitungsbetriebe aus. Zudem erarbeitet er f\u00fcr den gr\u00f6ssten deutschsprachigen YouTube-Kanal zum Thema Autopflege namens \u00ab<a href=\"https:\/\/www.youtube.com\/c\/XaronFR\">DetailingSchool<\/a>\u00bb Videos auf Youtube, die bis zu 100&#8217;000 Aufrufe oder mehr erreicht haben.<\/p>\n\n\n\n<figure class=\"wp-block-image size-large\"><img loading=\"lazy\" decoding=\"async\" width=\"1024\" height=\"920\" src=\"https:\/\/nationales-hundehalterbrevet.ch\/wp-content\/uploads\/2022\/09\/Wir-02-1024x920.jpg\" alt=\"\" class=\"wp-image-4344\" srcset=\"https:\/\/nationales-hundehalterbrevet.ch\/wp-content\/uploads\/2022\/09\/Wir-02-1024x920.jpg 1024w, https:\/\/nationales-hundehalterbrevet.ch\/wp-content\/uploads\/2022\/09\/Wir-02-300x269.jpg 300w, https:\/\/nationales-hundehalterbrevet.ch\/wp-content\/uploads\/2022\/09\/Wir-02-768x690.jpg 768w, https:\/\/nationales-hundehalterbrevet.ch\/wp-content\/uploads\/2022\/09\/Wir-02-1536x1380.jpg 1536w, https:\/\/nationales-hundehalterbrevet.ch\/wp-content\/uploads\/2022\/09\/Wir-02-380x341.jpg 380w, https:\/\/nationales-hundehalterbrevet.ch\/wp-content\/uploads\/2022\/09\/Wir-02-800x718.jpg 800w, https:\/\/nationales-hundehalterbrevet.ch\/wp-content\/uploads\/2022\/09\/Wir-02-1160x1042.jpg 1160w, https:\/\/nationales-hundehalterbrevet.ch\/wp-content\/uploads\/2022\/09\/Wir-02.jpg 2022w\" sizes=\"auto, (max-width: 1024px) 100vw, 1024px\" \/><\/figure>\n\n\n\n<p>Kennengelernt haben wir uns im Rahmen von Corinne&#8217;s Ausbildung zur Hundetrainerin und NHB-Fachperson bei der SC-Akademie im Jahr 2021. Seither sind wir ein Herz und eine Seele und gehen durch dick und d\u00fcnn. Insbesondere aber haben wir beide aufgrund unserer eigenen kynologischen Erfahrungen in und um die Hunde(ausbildungs)welt in der Schweiz  fast t\u00e4glich neue Ideen f\u00fcr kynologische Projekte, die die gesamte Hunde- und H\u00fcndelerszene in der Schweiz aus unserer Sicht zu einem besseren Ort machen w\u00fcrden. Diesen Ideen haben wir mit &#8222;Schwarzinger &amp; Gysin Dog Projects&#8220; ein Gef\u00e4ss und einen &#8222;Brutkasten&#8220; gegeben, in dem wir diese Ideen nun zum Leben erwecken m\u00f6chten.<\/p>\n\n\n\n<p>Aktuell geh\u00f6ren zu unserem &#8222;Rudel&#8220; die 3 Shelties namens Hakuna, Juni und Suki sowie der Deutsche Sch\u00e4ferhund namens Sam.<\/p>\n\n\n\n<figure class=\"wp-block-image size-large\"><img loading=\"lazy\" decoding=\"async\" width=\"1024\" height=\"575\" src=\"https:\/\/nationales-hundehalterbrevet.ch\/wp-content\/uploads\/2022\/09\/Hunde-1024x575.jpg\" alt=\"\" class=\"wp-image-4342\" srcset=\"https:\/\/nationales-hundehalterbrevet.ch\/wp-content\/uploads\/2022\/09\/Hunde-1024x575.jpg 1024w, https:\/\/nationales-hundehalterbrevet.ch\/wp-content\/uploads\/2022\/09\/Hunde-300x168.jpg 300w, https:\/\/nationales-hundehalterbrevet.ch\/wp-content\/uploads\/2022\/09\/Hunde-768x431.jpg 768w, https:\/\/nationales-hundehalterbrevet.ch\/wp-content\/uploads\/2022\/09\/Hunde-1536x863.jpg 1536w, https:\/\/nationales-hundehalterbrevet.ch\/wp-content\/uploads\/2022\/09\/Hunde-380x213.jpg 380w, https:\/\/nationales-hundehalterbrevet.ch\/wp-content\/uploads\/2022\/09\/Hunde-800x449.jpg 800w, https:\/\/nationales-hundehalterbrevet.ch\/wp-content\/uploads\/2022\/09\/Hunde-1160x651.jpg 1160w, https:\/\/nationales-hundehalterbrevet.ch\/wp-content\/uploads\/2022\/09\/Hunde.jpg 2048w\" sizes=\"auto, (max-width: 1024px) 100vw, 1024px\" \/><\/figure>\n\n\n\n<h3 class=\"wp-block-heading\" id=\"tincidunt-veni-tellus-orci-aenean-consectetuer\"><span id=\"warum-nationales-hundehalterbrevet-ch\">Warum nationales-hundehalterbrevet.ch ?<\/span><\/h3>\n\n\n\n<p>Mit der Webseite <strong>nationales-hundehalterbrevet.ch<\/strong> wollen wir dem Ausbildungs- und Pr\u00fcfungskonzept namens NHB die Aufmerksamkeit schenken, die es aus unserer Sicht verdient. Insbesondere wollen wir der breiten Bev\u00f6lkerung &#8211; egal ob Hundehalter oder nicht &#8211; erkl\u00e4ren, was das NHB ist, wie es entstanden ist, warum es sinnvoll ist und sein kann, wie sich Hundehalter auf eine NHB-Pr\u00fcfung vorbereiten k\u00f6nnen, \u00fcber Neuigkeiten und Entwicklungen in nationalen und kantonalen Hundegesetzgebungen informieren, Tipps und Tricks f\u00fcr NHB-Fachpersonen sammeln sowie eine Art &#8222;News-Hub&#8220; f\u00fcr Neuigkeiten und Wissenswertes rund um das NHB und den <a href=\"https:\/\/vkas.ch\/\">VKAS<\/a> sein.<\/p>\n\n\n\n<p>Die Webseite <strong>nationales-hundehalterbrevet.ch<\/strong> ist ein rein privates Projekt von &#8222;Schwarzinger &amp; Gysin Dog Projects&#8220; und steht in keinem direkten Zusammenhang und keiner anderweitigen Gesch\u00e4ftsbeziehung mit oder ist abh\u00e4ngig vom <a href=\"https:\/\/vkas.ch\/\">Verband Kynologie Ausbildungen Schweiz (VKAS)<\/a> oder den im VKAS vereinten Ausbildungsorganisationen. Wir hoffen, auf diese Weise und mit dieser Webseite den VKAS als Dachverband und Tr\u00e4gerorgan des NHB, die ihm angeschlossenen Ausbildungsorganisationen sowie NHB-Fachpersonen in ihrer (teilweise ehrenamtlichen) Arbeit zu unterst\u00fctzen.<\/p>\n","protected":false},"excerpt":{"rendered":"Wir sind Andreas und Corinne. Mit &#8222;Schwarzinger &amp; Gysin Dog Projects&#8220; erwecken wir unsere kynologischen Projekt-Ideen zum Leben,&hellip;\n","protected":false},"author":1,"featured_media":0,"parent":0,"menu_order":0,"comment_status":"closed","ping_status":"closed","template":"template-meet-team.php","meta":{"csco_singular_sidebar":"right","csco_page_header_type":"default","csco_page_load_nextpost":"default","csco_post_video_location":[],"csco_post_video_url":"","csco_post_video_bg_start_time":0,"csco_post_video_bg_end_time":0,"footnotes":""},"class_list":{"0":"post-701","1":"page","2":"type-page","3":"status-publish","5":"cs-entry","6":"cs-video-wrap"},"_links":{"self":[{"href":"https:\/\/nationales-hundehalterbrevet.ch\/index.php?rest_route=\/wp\/v2\/pages\/701","targetHints":{"allow":["GET"]}}],"collection":[{"href":"https:\/\/nationales-hundehalterbrevet.ch\/index.php?rest_route=\/wp\/v2\/pages"}],"about":[{"href":"https:\/\/nationales-hundehalterbrevet.ch\/index.php?rest_route=\/wp\/v2\/types\/page"}],"author":[{"embeddable":true,"href":"https:\/\/nationales-hundehalterbrevet.ch\/index.php?rest_route=\/wp\/v2\/users\/1"}],"replies":[{"embeddable":true,"href":"https:\/\/nationales-hundehalterbrevet.ch\/index.php?rest_route=%2Fwp%2Fv2%2Fcomments&post=701"}],"version-history":[{"count":1,"href":"https:\/\/nationales-hundehalterbrevet.ch\/index.php?rest_route=\/wp\/v2\/pages\/701\/revisions"}],"predecessor-version":[{"id":4521,"href":"https:\/\/nationales-hundehalterbrevet.ch\/index.php?rest_route=\/wp\/v2\/pages\/701\/revisions\/4521"}],"wp:attachment":[{"href":"https:\/\/nationales-hundehalterbrevet.ch\/index.php?rest_route=%2Fwp%2Fv2%2Fmedia&parent=701"}],"curies":[{"name":"wp","href":"https:\/\/api.w.org\/{rel}","templated":true}]}}